{"id":106,"date":"2022-10-04T15:00:27","date_gmt":"2022-10-04T13:00:27","guid":{"rendered":"https:\/\/diagae.fr\/?page_id=106"},"modified":"2022-10-28T11:56:01","modified_gmt":"2022-10-28T09:56:01","slug":"evolution-des-reglementations","status":"publish","type":"page","link":"https:\/\/diagae.fr\/?page_id=106","title":{"rendered":"Evolution des r\u00e9glementations"},"content":{"rendered":"\n<p>Les r\u00e9glementations en terme de r\u00e9novation \u00e9nerg\u00e9tique \u00e9voluent en permanence. Un plan de relance \u00e9nerg\u00e9tique sur la thermique des habitations est pr\u00e9vu pour les dix prochaines ann\u00e9es.<\/p>\n\n\n\n<figure class=\"wp-block-image size-full is-resized\"><img loading=\"lazy\" decoding=\"async\" src=\"https:\/\/diagae.fr\/wp-content\/uploads\/2022\/10\/model-vierge.png\" alt=\"\" class=\"wp-image-108\" width=\"947\" height=\"575\" srcset=\"https:\/\/diagae.fr\/wp-content\/uploads\/2022\/10\/model-vierge.png 695w, https:\/\/diagae.fr\/wp-content\/uploads\/2022\/10\/model-vierge-300x182.png 300w\" sizes=\"auto, (max-width: 947px) 100vw, 947px\" \/><\/figure>\n","protected":false},"excerpt":{"rendered":"<p>Les r\u00e9glementations en terme de r\u00e9novation \u00e9nerg\u00e9tique \u00e9voluent en permanence. Un plan de relance \u00e9nerg\u00e9tique sur la thermique des habitations est pr\u00e9vu pour les dix prochaines ann\u00e9es.<\/p>\n","protected":false},"author":1,"featured_media":0,"parent":0,"menu_order":0,"comment_status":"closed","ping_status":"closed","template":"","meta":{"footnotes":""},"class_list":["post-106","page","type-page","status-publish","hentry"],"_links":{"self":[{"href":"https:\/\/diagae.fr\/index.php?rest_route=\/wp\/v2\/pages\/106","targetHints":{"allow":["GET"]}}],"collection":[{"href":"https:\/\/diagae.fr\/index.php?rest_route=\/wp\/v2\/pages"}],"about":[{"href":"https:\/\/diagae.fr\/index.php?rest_route=\/wp\/v2\/types\/page"}],"author":[{"embeddable":true,"href":"https:\/\/diagae.fr\/index.php?rest_route=\/wp\/v2\/users\/1"}],"replies":[{"embeddable":true,"href":"https:\/\/diagae.fr\/index.php?rest_route=%2Fwp%2Fv2%2Fcomments&post=106"}],"version-history":[{"count":2,"href":"https:\/\/diagae.fr\/index.php?rest_route=\/wp\/v2\/pages\/106\/revisions"}],"predecessor-version":[{"id":175,"href":"https:\/\/diagae.fr\/index.php?rest_route=\/wp\/v2\/pages\/106\/revisions\/175"}],"wp:attachment":[{"href":"https:\/\/diagae.fr\/index.php?rest_route=%2Fwp%2Fv2%2Fmedia&parent=106"}],"curies":[{"name":"wp","href":"https:\/\/api.w.org\/{rel}","templated":true}]}}